{"id":2040,"date":"2020-01-01T20:59:10","date_gmt":"2020-01-01T20:59:10","guid":{"rendered":"http:\/\/www.torrijos1831.com\/?page_id=2040"},"modified":"2020-03-07T20:49:14","modified_gmt":"2020-03-07T20:49:14","slug":"recreaciones-historicas","status":"publish","type":"page","link":"http:\/\/www.torrijos1831.com\/?page_id=2040","title":{"rendered":"Recreaciones Hist\u00f3ricas"},"content":{"rendered":"<p><span style=\"color: #000000;\"><strong><img tabindex=\"0\" src=\"http:\/\/www.torrijos1831.com\/wp-content\/uploads\/2020\/03\/image029.jpg\" alt=\"\" data-id=\"2616\" aria-label=\"imagen 1 de 25 en la biblioteca\" \/>RECONSTRUCCIONES HIST\u00d3RICAS SOBRE TORRIJOS Y SUS LIBERALES<\/strong><\/span><\/p>\n<p><span style=\"color: #000000;\"><strong>Uno de los pilares fuertes de las Jornadas de homenaje a Torrijos y la Constituci\u00f3n han sido sus recreaciones hist\u00f3ricas. Iniciadas en 2002, a lo largo de los a\u00f1os se han ido realizando y completando con los hechos m\u00e1s significativos, protagonizados por los liberales del general Jos\u00e9 Mar\u00eda Torrijos en diciembre de 1831, llev\u00e1ndose a cabo en los lugares de nuestra provincia donde aquellos se produjeron.<\/strong><\/span><br \/>\n<span style=\"color: #000000;\"><strong>Las recreaciones de la Asociaci\u00f3n Hist\u00f3rico Cultural Torrijos 1831, son obra intelectual de nuestro colectivo, tanto en su concepci\u00f3n como en su realizaci\u00f3n. No nos inspiramos para ellas en nada de lo que anteriormente hab\u00edan hecho otras asociaciones en nuestro pa\u00eds, lo que da proporci\u00f3n de parte de su valor. Estas representaciones teatrales, en plazas, calles, campos y playas, deb\u00edan contar con personas aptas para la interpretaci\u00f3n, as\u00ed como dotarlas del vestuario y uniformidades de la \u00e9poca para crear el ambiente necesario. Fue imprescindible reconstruir los grupos hist\u00f3ricos y unidades que participaron en la captura de Torrijos, en un meritorio esfuerzo de gastos y labor de confecci\u00f3n. El resultado lo puede ver el lector a continuaci\u00f3n.<\/strong><\/span><\/p>\n<p><span style=\"color: #000000;\"><strong>RECONSTRUCCIONES HIST\u00d3RICAS RELATIVAS A LOS HECHOS DE 1831<\/strong><\/span><\/p>\n<p><span style=\"color: #000000;\"><strong> <img src=\"http:\/\/www.torrijos1831.com\/wp-content\/uploads\/2020\/03\/image001.jpg\" alt=\"La imagen tiene un atributo ALT vac\u00edo; su nombre de archivo es image001.jpg\" \/><\/strong><\/span><\/p>\n<p><span style=\"color: #000000;\"><strong>Jes\u00fas Rivera, presidente de la asociaci\u00f3n Torrijos 1831, desde 2003 a 2016, fue la persona que dio vida a Torrijos, de forma extraordinaria, en esos a\u00f1os. A partir del inicio de 2017, ese papel le correspondi\u00f3 realizarlo a nuestro compa\u00f1ero Fran Gonz\u00e1lez, que lo ha hecho de forma estupenda. Con ellos, una veintena de compa\u00f1eros forman el grupo de liberales de Torrijos que cayeron en M\u00e1laga por defender las libertades.<\/strong><\/span><br \/>\n<span style=\"color: #000000;\"><strong>\u201cPLANA MAYOR DEL GOBERNADOR GONZ\u00c1LEZ MORENO\u201d<\/strong><\/span><\/p>\n<p><img loading=\"lazy\" class=\"aligncenter\" src=\"http:\/\/www.torrijos1831.com\/wp-content\/uploads\/2020\/03\/image003.png\" alt=\"La imagen tiene un atributo ALT vac\u00edo; su nombre de archivo es image003.png\" width=\"237\" height=\"342\" \/><\/p>\n<p><span style=\"color: #000000;\"><strong>Pedro Alcudia fue nuestro primer int\u00e9rprete del personaje de Gonz\u00e1lez Moreno. Le continuaron en la Asociaci\u00f3n, en este papel, Chema Rodr\u00edguez y Jos\u00e9 Manuel P\u00e9rez.<\/strong><\/span><\/p>\n<p><span style=\"color: #000000;\"><strong>\u201cREGIMIENTO DE INFANTER\u00cdA DE L\u00cdNEA INFANTE N\u00ba 4\u201d<\/strong><\/span><\/p>\n<p><img tabindex=\"0\" src=\"http:\/\/www.torrijos1831.com\/wp-content\/uploads\/2020\/03\/image005-1.jpg\" alt=\"\" data-id=\"2601\" aria-label=\"imagen 1 de 1 en la biblioteca\" \/><\/p>\n<p><span style=\"color: #000000;\"><strong>En 1831 era la unidad m\u00e1s fuerte y equipada, en M\u00e1laga, participando en el asedio a la Alquer\u00eda y el traslado de los liberales. Sus mandos fueron leales al r\u00e9gimen absolutista. Tuvo su cuartel en la zona de Mundo Nuevo, lugar donde custodiaron a Torrijos.<\/strong><\/span><br \/>\n<span style=\"color: #000000;\"><strong>\u201cREGIMIENTO DE CABALLER\u00cdA VITORIA, 4\u00ba DE LIGEROS\u201d<\/strong><\/span><\/p>\n<p><img loading=\"lazy\" class=\"aligncenter\" tabindex=\"0\" src=\"http:\/\/www.torrijos1831.com\/wp-content\/uploads\/2020\/03\/image007-2.jpg\" alt=\"\" width=\"455\" height=\"341\" data-id=\"2600\" aria-label=\"imagen 1 de 1 en la biblioteca\" \/><\/p>\n<p><span style=\"color: #000000;\"><strong>El Vitoria, 4\u00ba de Ligeros, tuvo su cuartel en M\u00e1laga, en calle Refino, mirando hacia calle Dos Aceras. Particip\u00f3 en el cerco a los liberales de Torrijos en la Alquer\u00eda de Mollina, y en el traslado de los prisioneros a M\u00e1laga, el 5 de diciembre de 1831.<\/strong><\/span><\/p>\n<p><span style=\"color: #000000;\"><strong>\u201cVOLUNTARIO REALISTAS DE ALHAUR\u00cdN DE LA TORRE\u201d<\/strong><\/span><\/p>\n<p><img loading=\"lazy\" class=\"edit-image-preview aligncenter\" title=\"Editar la imagen\" src=\"http:\/\/www.torrijos1831.com\/wp-content\/uploads\/2020\/03\/image009-1024x768.jpg\" alt=\"Editar la imagen\" width=\"346\" height=\"260\" \/><\/p>\n<p><span style=\"color: #000000;\"><strong>Junto a Voluntarios Realistas de otras localidades, participaron en la captura de Torrijos.<\/strong><\/span><br \/>\n<span style=\"color: #000000;\"><strong>\u201cVOLUNTARIOS REALISTAS DEL BATALL\u00d3N DE CO\u00cdN\u201d<\/strong><\/span><\/p>\n<p><img tabindex=\"0\" src=\"http:\/\/www.torrijos1831.com\/wp-content\/uploads\/2020\/03\/image011-1024x737.jpg\" alt=\"\" data-id=\"2602\" aria-label=\"imagen 1 de 38 en la biblioteca\" \/><\/p>\n<p><span style=\"color: #000000;\"><strong>El Batall\u00f3n de Co\u00edn, al mando del capit\u00e1n Lome\u00f1a, fue el primero en rodear a los liberales de Torrijos en la Alquer\u00eda, en la noche del 3 al 4 de diciembre de 1831.<\/strong><\/span><\/p>\n<p><span style=\"color: #000000;\"><strong>GUARDIA NACIONAL LIBERAL<\/strong><\/span><\/p>\n<p><img tabindex=\"0\" src=\"http:\/\/www.torrijos1831.com\/wp-content\/uploads\/2020\/03\/image013-1024x696.jpg\" alt=\"\" data-id=\"2603\" aria-label=\"imagen 1 de 37 en la biblioteca\" \/><\/p>\n<p><span style=\"color: #000000;\"><strong>Fue el cuerpo garante del sistema constitucional de 1812, nacido en C\u00e1diz.<\/strong><\/span><br \/>\n<span style=\"color: #000000;\"><strong>\u201cPAISANAJE A LA USANZA DE 1831\u201d<\/strong><\/span><\/p>\n<p><img tabindex=\"0\" src=\"http:\/\/www.torrijos1831.com\/wp-content\/uploads\/2020\/03\/image016.jpg\" alt=\"\" data-id=\"2604\" aria-label=\"imagen 1 de 36 en la biblioteca\" \/><\/p>\n<p><span style=\"color: #000000;\"><strong>Las recreaciones de las Jornadas de homenaje a Torrijos y la Constituci\u00f3n se complementan, en ocasiones, con grupos de paisanaje a la usanza de 1831<\/strong><\/span><\/p>\n<p><span style=\"color: #000000;\"><strong>\u201cMUJERES DE 1831\u201d<\/strong><\/span><\/p>\n<p><img tabindex=\"0\" src=\"http:\/\/www.torrijos1831.com\/wp-content\/uploads\/2020\/03\/image017-1024x750.jpg\" alt=\"\" data-id=\"2605\" aria-label=\"imagen 1 de 35 en la biblioteca\" \/><\/p>\n<p><span style=\"color: #000000;\"><strong>Las valientes mujeres de Torrijos 1831, han sido un gran valor en las recreaciones.<\/strong><\/span><\/p>\n<p><span style=\"color: #000000;\"><strong>RECREACIONES HIST\u00d3RICAS PROPIAS DE LAS<\/strong><\/span><br \/>\n<span style=\"color: #000000;\"><strong>JORNADAS DE HOMENAJE A TORRIJOS Y LA CONSTITUCI\u00d3N<\/strong><\/span><\/p>\n<p><span style=\"color: #000000;\"><strong>Relacionamos por los a\u00f1os en las que fueron creadas y se\u00f1alando los lugares donde se representan, las recreaciones hist\u00f3ricas inherentes a las Jornadas de homenaje a Torrijos y la Constituci\u00f3n iniciadas en diciembre de 2002, son las siguientes:<\/strong><\/span><\/p>\n<p><span style=\"color: #000000;\"><strong>2002: Cuerda de Presos. Torrealquer\u00eda (Alhaur\u00edn de la Torre).<\/strong><\/span><br \/>\n<span style=\"color: #000000;\"><strong>2003: Desembarco de Torrijos en la playa de El Charc\u00f3n. Cala de Mijas.<\/strong><\/span><br \/>\n<span style=\"color: #000000;\"><strong>2003: Marcha por la Ruta de Torrijos. Mijas-Alhaur\u00edn de la Torre.<\/strong><\/span><br \/>\n<span style=\"color: #000000;\"><strong>2003: Ofrenda en la Cruz de El Bulto y recreaci\u00f3n del Cuadro de Gisbert. M\u00e1laga<\/strong><\/span><br \/>\n<span style=\"color: #000000;\"><strong>2003: R\u00e9quiem por Torrijos en la Plaza de la Merced. M\u00e1laga.<\/strong><\/span><br \/>\n<span style=\"color: #000000;\"><strong>2004: Homenaje a Robert Boyd en el Cementerio Ingl\u00e9s. M\u00e1laga.<\/strong><\/span><br \/>\n<span style=\"color: #000000;\"><strong>2005: Honores a Torrijos y la Constituci\u00f3n. Alhaur\u00edn de la Torre. 2006: Cerco y rendici\u00f3n de la Alquer\u00eda. Torrealquer\u00eda (Alhaur\u00edn de la Torre). 2009: Homenaje a Torrijos y sus liberales en el Refectorio del Carmen. M\u00e1laga. 2013: Fusilamiento de Torrijos y sus compa\u00f1eros en la Plaza de la Merced. M\u00e1laga<\/strong><\/span><br \/>\n<span style=\"color: #000000;\"><strong>LA CUERDA DE PRESOS (TORREALQUER\u00cdA)<\/strong><\/span><\/p>\n<p><img tabindex=\"0\" src=\"http:\/\/www.torrijos1831.com\/wp-content\/uploads\/2020\/03\/image019.jpg\" alt=\"\" data-id=\"2606\" aria-label=\"imagen 1 de 34 en la biblioteca\" \/><\/p>\n<p><span style=\"color: #000000;\"><strong>Tiene el orgullo de ser la recreaci\u00f3n hist\u00f3rica m\u00e1s antigua del siglo XIX en toda la provincia de M\u00e1laga. Pusimos en marcha a la \u201cdecana\u201d, en 2002, coincidiendo con las I Jornadas de homenaje a Torrijos y la Constituci\u00f3n. Representa el inicio del traslado del grupo de liberales de Torrijos, desde la Alquer\u00eda de Mollina a M\u00e1laga, custodiados por las tropas absolutistas que participaron en el asedio al cortijo, cuyas ruinas se levantan hoy en las proximidades de la barriada de Torrealquer\u00eda, en el t\u00e9rmino municipal de Alhaur\u00edn de la Torre.<\/strong><\/span><\/p>\n<p><span style=\"color: #000000;\"><strong>DESEMBARCO DE TORRIJOS EN LA PLAYA DE EL CHARC\u00d3N<\/strong><\/span><\/p>\n<p><img tabindex=\"0\" src=\"http:\/\/www.torrijos1831.com\/wp-content\/uploads\/2020\/03\/image021-1-1024x686.jpg\" alt=\"\" data-id=\"2640\" aria-label=\"imagen 29 de 29 en la biblioteca\" \/><\/p>\n<p><span style=\"color: #000000;\"><strong>Activamos esta recreaci\u00f3n en 2003, coincidiendo con las II Jornadas de homenaje a Torrijos y la Constituci\u00f3n. Representa el forzado desembarco que Torrijos y sus compa\u00f1eros realizaron a las cuatro de la tarde del 2 de diciembre de 1831, en la playa de El Charc\u00f3n, del litoral mije\u00f1o. Con esta recreaci\u00f3n se revindica el valor hist\u00f3rico de esa playa mije\u00f1a, en contra de la mayor parte de la historiograf\u00eda nacional, que se\u00f1ala que Torrijos desembarc\u00f3 en Fuengirola. Gracias al valor de esta recreaci\u00f3n, hoy un peque\u00f1o monumento se\u00f1ala en la playa aquel hecho hist\u00f3rico.<\/strong><\/span><\/p>\n<p><img tabindex=\"0\" src=\"http:\/\/www.torrijos1831.com\/wp-content\/uploads\/2020\/03\/image023.jpg\" alt=\"\" data-id=\"2612\" aria-label=\"imagen 1 de 28 en la biblioteca\" \/><\/p>\n<p><span style=\"color: #000000;\"><strong>RUTA DE TORRIJOS. MARCHA HIST\u00d3RICA, SENDERISTA O EN BICICLETA<\/strong><\/span><\/p>\n<p><img tabindex=\"0\" src=\"http:\/\/www.torrijos1831.com\/wp-content\/uploads\/2020\/03\/image026.jpg\" alt=\"\" data-id=\"2614\" aria-label=\"imagen 1 de 27 en la biblioteca\" \/><\/p>\n<p><span style=\"color: #000000;\"><strong>Siguiendo el est\u00edmulo que signific\u00f3 el libro Del Charc\u00f3n a la Alquer\u00eda: un camino para Torrijos (2000), los integrantes de nuestra Asociaci\u00f3n y las personas que anualmente han querido hacer la ruta en los d\u00edas de diciembre que se celebran las Jornadas de Homenaje a Torrijos y la Constituci\u00f3n; la han llevado a cabo en las tres modalidades que ponemos en pr\u00e1ctica: hist\u00f3rica, senderista o bicicleta. La marcha por la Ruta de Torrijos, la incluimos por primera vez en el programa de las II Jornadas de Homenaje a Torrijos y la Constituci\u00f3n, en diciembre de 2003.<\/strong><\/span><\/p>\n<p><img tabindex=\"0\" src=\"http:\/\/www.torrijos1831.com\/wp-content\/uploads\/2020\/03\/image028.jpg\" alt=\"\" data-id=\"2615\" aria-label=\"imagen 1 de 26 en la biblioteca\" \/><\/p>\n<p><span style=\"color: #000000;\"><strong>OFRENDA EN LA CRUZ DE EL BULTO Y RECREACI\u00d3N DEL CUADRO DE GISBERT<\/strong><\/span><\/p>\n<p><img tabindex=\"0\" src=\"http:\/\/www.torrijos1831.com\/wp-content\/uploads\/2020\/03\/image029.jpg\" alt=\"\" data-id=\"2616\" aria-label=\"imagen 1 de 25 en la biblioteca\" \/><\/p>\n<p><span style=\"color: #000000;\"><strong>Las ofrendas de corona en la denominada Cruz de Torrijos, en el malague\u00f1o barrio de El Bulto, comenzaron en 2002, en las I Jornadas de Homenaje a Torrijos y la Constituci\u00f3n. El a\u00f1adido de la recreaci\u00f3n del Fusilamiento de Torrijos a modo del famoso cuadro de Gisbert, se realiz\u00f3 por primera vez en 2004, con ocasi\u00f3n de las III Jornadas de Homenaje a Torrijos y la Constituci\u00f3n.<\/strong><\/span><\/p>\n<p><span style=\"color: #000000;\"><strong>EL R\u00c9QUIEM POR TORRIJOS EN LA PLAZA DE LA MERCED (M\u00c1LAGA)<\/strong><\/span><\/p>\n<p><img tabindex=\"0\" src=\"http:\/\/www.torrijos1831.com\/wp-content\/uploads\/2020\/03\/image033-1024x696.jpg\" alt=\"\" data-id=\"2617\" aria-label=\"imagen 1 de 24 en la biblioteca\" \/><br \/>\n<span style=\"color: #000000;\"><strong>Si bien en 2002, en las I Jornadas de Homenaje a Torrijos y la Constituci\u00f3n, hicimos una ofrenda de corona, colocada en la base del monumento a Torrijos en la malague\u00f1a Plaza de la Merced; fue en 2003, finalizando las II Jornadas, cuando por primera vez el p\u00fablico malague\u00f1o pudo ver la representaci\u00f3n del llamado R\u00e9quiem por Torrijos, en el que el propio Torrijos se dirige a los espectadores, rodeado de sus compa\u00f1eros. El acto une las tres caras del arte que mantuvieron viva la figura de Torrijos ,durante d\u00e9cadas: el cante, la interpretaci\u00f3n y la poes\u00eda. Nos acompa\u00f1an autoridades, colectivos se\u00f1eros, intelectuales y poetas.<\/strong><\/span><\/p>\n<p><strong><img tabindex=\"0\" src=\"http:\/\/www.torrijos1831.com\/wp-content\/uploads\/2020\/03\/image035.jpg\" alt=\"\" data-id=\"2618\" aria-label=\"imagen 1 de 23 en la biblioteca\" \/><\/strong><\/p>\n<p><strong>El Ayuntamiento de M\u00e1laga nos entreg\u00f3 su bandera en el R\u00e9quiem de las V Jornadas.<\/strong><\/p>\n<p><span style=\"color: #000000;\"><strong>HOMENAJE A ROBERT BOYD EN EL CEMENTERIO INGL\u00c9S<\/strong><\/span><\/p>\n<p><img tabindex=\"0\" src=\"http:\/\/www.torrijos1831.com\/wp-content\/uploads\/2020\/03\/image037.jpg\" alt=\"\" data-id=\"2619\" aria-label=\"imagen 1 de 22 en la biblioteca\" \/><\/p>\n<p><span style=\"color: #000000;\"><strong>Se realiz\u00f3 por primera vez en diciembre de 2004, durante las III Jornadas de homenaje a Torrijos y la Constituci\u00f3n, y con ocasi\u00f3n de la visita de trece miembros de la familia Boyd, invitados por nuestro colectivo. Hoy, una l\u00e1pida sobre la tumba de Boyd recuerda aquel acto de 2004, a\u00f1o en el que por nuestra petici\u00f3n, tambi\u00e9n se coloc\u00f3 el nombre de Robert Boyd a una calle de la barriada de Huelin.<\/strong><\/span><\/p>\n<p><img tabindex=\"0\" src=\"http:\/\/www.torrijos1831.com\/wp-content\/uploads\/2020\/03\/image039.jpg\" alt=\"\" data-id=\"2620\" aria-label=\"imagen 1 de 21 en la biblioteca\" \/><\/p>\n<p><span style=\"color: #000000;\"><strong>HONORES A TORRIJOS Y LA CONSTITUCI\u00d3N EN EL MONUMENTO DE ALHAUR\u00cdN DE LA TORRE<\/strong><\/span><\/p>\n<p><img tabindex=\"0\" src=\"http:\/\/www.torrijos1831.com\/wp-content\/uploads\/2020\/03\/image041.jpg\" alt=\"\" data-id=\"2621\" aria-label=\"imagen 1 de 20 en la biblioteca\" \/><\/p>\n<p><span style=\"color: #000000;\"><strong>Los actos que cada 6 de Diciembre, \u201cD\u00eda de la Constituci\u00f3n\u201d, celebramos en honor a Torrijos y sus ideales constitucionalistas, comenzaron en 2005, durante las V Jornadas de homenaje a Torrijos y la Constituci\u00f3n. Nos acompa\u00f1an pol\u00edticos y vecinos de Alhaur\u00edn de la Torre, personas con conciencia por la historia de su pueblo.<\/strong><\/span><\/p>\n<p><img tabindex=\"0\" src=\"http:\/\/www.torrijos1831.com\/wp-content\/uploads\/2020\/03\/image043.jpg\" alt=\"\" data-id=\"2622\" aria-label=\"imagen 1 de 19 en la biblioteca\" \/><\/p>\n<p><span style=\"color: #000000;\"><strong>Honores anuales donde los liberales fueron rechazados en Alhaur\u00edn de al Torre<\/strong><\/span><\/p>\n<p><span style=\"color: #000000;\"><strong>CERCO Y RENDICI\u00d3N DE LA ALQUER\u00cdA DE MOLLINA<\/strong><\/span><\/p>\n<p><img tabindex=\"0\" src=\"http:\/\/www.torrijos1831.com\/wp-content\/uploads\/2020\/03\/image046.jpg\" alt=\"\" data-id=\"2625\" aria-label=\"imagen 1 de 16 en la biblioteca\" \/><\/p>\n<p><span style=\"color: #000000;\"><strong>En 2006, durante las VI Jornadas de homenaje a Torrijos y la Constituci\u00f3n, se llevaron a cabo por primera vez, las recreaciones del cerco y rendici\u00f3n de la Alquer\u00eda de Mollina, que recuerdas los hechos acaecidos all\u00ed en diciembre de 1831, cuando las tropas absolutistas cercaron a los liberales de Torrijos. Diversas televisiones, cadenas de radio y prensa escrita, las han recogido por la originalidad del hecho representado. Hoy, son todo un \u00e9xito.<\/strong><\/span><\/p>\n<p><img tabindex=\"0\" src=\"http:\/\/www.torrijos1831.com\/wp-content\/uploads\/2020\/03\/image048.jpg\" alt=\"\" data-id=\"2627\" aria-label=\"imagen 1 de 14 en la biblioteca\" \/><\/p>\n<p><span style=\"color: #000000;\"><strong>Las recreaciones que llevamos a cabo en el solar de la antigua Alquer\u00eda de Mollina, han tratado de crear conciencia para que el cortijo donde fueron capturados Torrijos y sus compa\u00f1eros, sea reconstruido con un aspecto exterior, similar al que tuvo en 1831. El proyecto se aprob\u00f3 en Pleno del Ayuntamiento de Alhaur\u00edn de la Torre, en 2007, pero como puede verse en la foto, en 2015 todav\u00eda no se hab\u00eda movido una piedra, al respecto.<\/strong><\/span><span style=\"color: #000000;\"><strong>HOMENAJE A TORRIJOS EN EL REFECTORIO DEL CARMEN DEL ANTIGUO CONVENTO DE SAN ANDR\u00c9S, EN EL PERCHEL<\/strong><\/span><\/p>\n<p><img tabindex=\"0\" src=\"http:\/\/www.torrijos1831.com\/wp-content\/uploads\/2020\/03\/image050.jpg\" alt=\"\" data-id=\"2629\" aria-label=\"imagen 1 de 12 en la biblioteca\" \/><\/p>\n<p><span style=\"color: #000000;\"><strong>Dada su actual situaci\u00f3n, es dif\u00edcil hacer un homenaje a Torrijos y sus liberales en el Refectorio carmelitano donde pasaron la \u00faltima noche de sus vidas, en capilla. Las veces en las que hemos sido autorizados, hemos estado ah\u00ed, para recordar la memoria de aquellos hombres y depositar una corona. En la foto inferior, dicha ofrenda es colocada en el lugar donde la tradici\u00f3n atribuye, que Torrijos se confes\u00f3.<\/strong><\/span><\/p>\n<p><img tabindex=\"0\" src=\"http:\/\/www.torrijos1831.com\/wp-content\/uploads\/2020\/03\/image051.jpg\" alt=\"\" data-id=\"2630\" aria-label=\"imagen 1 de 11 en la biblioteca\" \/><\/p>\n<p><span style=\"color: #000000;\"><strong>EL FUSILAMIENTO DE TORRIJOS<\/strong><\/span><\/p>\n<p><img tabindex=\"0\" src=\"http:\/\/www.torrijos1831.com\/wp-content\/uploads\/2020\/03\/image054.jpg\" alt=\"\" data-id=\"2633\" aria-label=\"imagen 1 de 8 en la biblioteca\" \/><\/p>\n<p><span style=\"color: #000000;\"><strong>En 2013, decidimos trasladar nuestra representaci\u00f3n del fusilamiento de Torrijos, realizada hasta entonces en El Bulto, a la emblem\u00e1tica Plaza de la Merced, insert\u00e1ndola dentro de los actos vinculados con el cl\u00e1sico R\u00e9quiem por Torrijos, ganando la recreaci\u00f3n, por hacerlo en este lugar tan rom\u00e1ntico y contar con la habitual presencia de las principales autoridades municipales, as\u00ed como un mayor n\u00famero de espectadores, gracias al c\u00e9ntrico lugar que la plaza ocupa en la capital.<\/strong><\/span><\/p>\n<p><img tabindex=\"0\" src=\"http:\/\/www.torrijos1831.com\/wp-content\/uploads\/2020\/03\/image056.jpg\" alt=\"\" data-id=\"2635\" aria-label=\"imagen 1 de 6 en la biblioteca\" \/><\/p>\n<p><img tabindex=\"0\" src=\"http:\/\/www.torrijos1831.com\/wp-content\/uploads\/2020\/03\/image058.jpg\" alt=\"\" data-id=\"2637\" aria-label=\"imagen 1 de 4 en la biblioteca\" \/><\/p>\n<p><img tabindex=\"0\" src=\"http:\/\/www.torrijos1831.com\/wp-content\/uploads\/2020\/03\/image060.jpg\" alt=\"\" data-id=\"2639\" aria-label=\"imagen 1 de 1 en la biblioteca\" \/><\/p>\n<p><span style=\"color: #000000;\"><strong>Hasta aqu\u00ed, estimado lector, los diferentes grupos de recreaciones con los que contamos para plasmar los hechos vividos por los liberales de Torrijos en el lejano a\u00f1o de 1831. Recuerda, que podr\u00e1s verlas en los lugares citados para cada una de ellas, durante las celebraciones de las Jornadas de homenaje a Torrijos y la Constituci\u00f3n, que previamente anunciamos en nuestra web: torrijos1831.es, a finales de noviembre.<\/strong><\/span><\/p>\n","protected":false},"excerpt":{"rendered":"<p>RECONSTRUCCIONES HIST\u00d3RICAS SOBRE TORRIJOS Y SUS LIBERALES Uno de los pilares fuertes de las Jornadas de homenaje a Torrijos y la Constituci\u00f3n han sido sus recreaciones hist\u00f3ricas. Iniciadas en 2002, a lo largo de los a\u00f1os se han ido realizando y completando con los hechos m\u00e1s significativos, protagonizados por los liberales del general Jos\u00e9 Mar\u00eda&#8230;<\/p>\n","protected":false},"author":1,"featured_media":0,"parent":0,"menu_order":0,"comment_status":"closed","ping_status":"closed","template":"","meta":[],"_links":{"self":[{"href":"http:\/\/www.torrijos1831.com\/index.php?rest_route=\/wp\/v2\/pages\/2040"}],"collection":[{"href":"http:\/\/www.torrijos1831.com\/index.php?rest_route=\/wp\/v2\/pages"}],"about":[{"href":"http:\/\/www.torrijos1831.com\/index.php?rest_route=\/wp\/v2\/types\/page"}],"author":[{"embeddable":true,"href":"http:\/\/www.torrijos1831.com\/index.php?rest_route=\/wp\/v2\/users\/1"}],"replies":[{"embeddable":true,"href":"http:\/\/www.torrijos1831.com\/index.php?rest_route=%2Fwp%2Fv2%2Fcomments&post=2040"}],"version-history":[{"count":2,"href":"http:\/\/www.torrijos1831.com\/index.php?rest_route=\/wp\/v2\/pages\/2040\/revisions"}],"predecessor-version":[{"id":2641,"href":"http:\/\/www.torrijos1831.com\/index.php?rest_route=\/wp\/v2\/pages\/2040\/revisions\/2641"}],"wp:attachment":[{"href":"http:\/\/www.torrijos1831.com\/index.php?rest_route=%2Fwp%2Fv2%2Fmedia&parent=2040"}],"curies":[{"name":"wp","href":"https:\/\/api.w.org\/{rel}","templated":true}]}}