{"id":1884,"date":"2019-12-21T19:47:36","date_gmt":"2019-12-21T19:47:36","guid":{"rendered":"http:\/\/www.torrijos1831.com\/?page_id=1884"},"modified":"2020-01-01T20:08:51","modified_gmt":"2020-01-01T20:08:51","slug":"guerra-de-la-independencia","status":"publish","type":"page","link":"https:\/\/www.torrijos1831.com\/?page_id=1884","title":{"rendered":"Guerra de la Independencia"},"content":{"rendered":"\n<figure class=\"wp-block-image size-large\"><img loading=\"lazy\" width=\"700\" height=\"490\" src=\"http:\/\/www.torrijos1831.com\/wp-content\/uploads\/2020\/01\/Artilleria.jpg\" alt=\"\" class=\"wp-image-2026\" srcset=\"https:\/\/www.torrijos1831.com\/wp-content\/uploads\/2020\/01\/Artilleria.jpg 700w, https:\/\/www.torrijos1831.com\/wp-content\/uploads\/2020\/01\/Artilleria-300x210.jpg 300w, https:\/\/www.torrijos1831.com\/wp-content\/uploads\/2020\/01\/Artilleria-320x224.jpg 320w\" sizes=\"(max-width: 700px) 100vw, 700px\" \/><\/figure>\n\n\n\n<p><\/p>\n\n\n<p><strong><span style=\"color: #000000;\">1808.- Acabados sus estudios en Alcal\u00e1 y con licencia en Madrid, Jos\u00e9 Mar\u00eda Torrijos participa en los acontecimientos del 2 de mayo. Est\u00e1 en Montele\u00f3n junto a Daoiz y Velarde y es hecho prisionero por los franceses. El ayudante del mariscal Murat, Borely, le salva de la muerte. Escapa a Valencia para unirse a la resistencia que all\u00ed se est\u00e1 organizando y con cuyas fuerzas entra en combate:<\/span><\/strong><\/p>\n<p><strong><span style=\"color: #000000;\">19 de junio: puente Pajazo.<\/span><\/strong><br \/><strong><span style=\"color: #000000;\">24 de junio: las Cabrillas.<\/span><\/strong><br \/><strong><span style=\"color: #000000;\">26 de junio: Cuarte.<\/span><\/strong><\/p>\n<p><strong><span style=\"color: #000000;\">Es ascendido a sargento mayor (equivalente a comandante), ocupando plaza en el Regimiento Almansa.<\/span><\/strong><\/p>\n<p><strong><span style=\"color: #000000;\">1809.- Destinado con el mismo empleo al Regimiento de Infanter\u00eda Soria n\u00ba 8, opera con su unidad para introducir convoyes en la sitiada Gerona. Intervino en el combate de los \u00c1ngeles y en la acci\u00f3n de Collsuspina, donde salv\u00f3 la bandera del Regimiento.<\/span><\/strong><\/p>\n<p><strong><span style=\"color: #000000;\">1810.- Estuvo en la retirada de su unidad el 13 de enero, d\u00eda en el que, tras una arriesgada acci\u00f3n personal, salv\u00f3 la bandera de su Regimiento.<\/span><\/strong><\/p>\n<p><strong><span style=\"color: #000000;\">El d\u00eda 20 del mismo mes, se distingui\u00f3 por su gran valor en la batalla de Vich, por lo que fue premiado con el nombramiento de teniente coronel graduado, la medalla de distinci\u00f3n y la Cruz de San Fernando de 1\u00aa Clase (cuando esta \u00faltima se instituy\u00f3), pues con muy pocos efectivos tom\u00f3 una bater\u00eda al enemigo con un total de nueve piezas.<\/span><\/strong><\/p>\n<p><strong><span style=\"color: #000000;\">Durante la primavera estuvo en las acciones de Villafranca, Esparraguera, Manresa y Cervera y en el reconocimiento Agramunt.<\/span><\/strong><\/p>\n<p><strong><span style=\"color: #000000;\">El 12 de junio llev\u00f3 a cabo una arriesgada salida de la poblaci\u00f3n de Tortosa, siendo herido en las inmediaciones de la Roqueta.<\/span><\/strong><\/p>\n<p><strong><span style=\"color: #000000;\">A los veinte d\u00edas solicit\u00f3 a su superior, el general Enrique O\u00b4Donnell, permiso para salir de nuevo y, pese a las reticencias del mismo, le otorg\u00f3 el mando de la primera divisi\u00f3n que sali\u00f3 por la derecha el 3 de agosto, fecha en la que mandaba el tercer batall\u00f3n del Soria.<\/span><\/strong><\/p>\n<p><strong><span style=\"color: #000000;\">Tras un encuentro terrible en el que super\u00f3 varias trincheras, al retirarse fue derribado de su caballo por un terrible golpe propinado por la culata de<\/span> <span style=\"color: #000000;\">un fusil, siendo hecho prisionero. El general Suchet le hizo una propuesta para pasarse al bando franc\u00e9s. Torrijos no acept\u00f3.<\/span><\/strong><\/p>\n<p><strong><span style=\"color: #000000;\">Prisionero en Francia, intent\u00f3 la fuga en varias ocasiones, hasta que finalmente lo consigui\u00f3, pudiendo regresar, tras m\u00faltiples penalidades, a Tortosa, donde se le otorg\u00f3 el mando, con el empleo efectivo de teniente coronel, del Regimiento de Infanter\u00eda de Fernando VII.<\/span><\/strong><\/p>\n<p><strong><span style=\"color: #000000;\">Tras la acci\u00f3n de Pl\u00e1, llegaron los encarnizados combates de Manresa, en los que Torrijos actu\u00f3 como el segundo jefe de la brigada. Al morir en la lucha heroicamente el coronel de su regimiento, Torrijos asumi\u00f3 el mando en unos momentos muy comprometidos, salvando la situaci\u00f3n ante las cargas de los franceses, haciendo el \u201ccuadro\u201d con su unidad para permitir el repliegue de las restantes.<\/span><\/strong><\/p>\n<p><strong><span style=\"color: #000000;\">En Falset, mandando de nuevo la brigada, le captur\u00f3 cuatrocientas ac\u00e9milas a los franceses, por lo que el general O\u00b4Donnell en prueba de la bizarr\u00eda y el buen desempe\u00f1o de Torrijos, le recibi\u00f3 con las tropas formadas y la banda de m\u00fasica.<\/span><\/strong><\/p>\n<p><strong><span style=\"color: #000000;\">1811.- El gobierno de la naci\u00f3n trasladado a la Isla de Le\u00f3n (actual San Fernando), orden\u00f3 establecer un campamento de instrucci\u00f3n de reclutas, encargando al general ingl\u00e9s Sir Charles Doyle para llevarlo a cabo<\/span><\/strong>. <strong><span style=\"color: #000000;\">Doyle pidi\u00f3 al gobierno que fuera el responsable de la instrucci\u00f3n el teniente coronel Torrijos, del que se hab\u00eda quedado admirado al ver una acci\u00f3n suya en la campa\u00f1a de Catalu\u00f1a. Torrijos lleg\u00f3 a la Isla y se puso a trabajar con inmediatez en la instrucci\u00f3n de aquellos 6.000 hombres a los que encuadr\u00f3 en cuatro batallones. Con ellos alcanz\u00f3 un notable resultado, convirti\u00e9ndose en una fuerza bien adiestrada con la que pronto pudo contar el gobierno espa\u00f1ol.<\/span><\/strong><\/p>\n<p><strong><span style=\"color: #000000;\">No contento con eso, Torrijos pidi\u00f3 ser empleado en las salidas que, fuera de las fortificaciones y bater\u00edas situadas delante del puente Suazo, llevaban a cabo las tropas espa\u00f1olas. Lo hizo en muchas ocasiones, acompa\u00f1ado generalmente por compa\u00f1\u00edas de granaderos.<\/span><\/strong><\/p>\n<p><strong><span style=\"color: #000000;\">Durante los meses en la Isla, Torrijos conoci\u00f3 a un excelente compa\u00f1ero: el veterano coronel Francisco Fern\u00e1ndez Golf\u00edn, por aquel tiempo entusiasmado con las reformas del ej\u00e9rcito que iban a ser recogidas en el texto constitucional, y en las que hab\u00eda trabajado profundamente. A pesar de la diferencia de edad, ambos militares congeniaron y unieron sus criterios.<\/span><\/strong><\/p>\n<p><strong><span style=\"color: #000000;\">1812.- Una de los cuerpos de m\u00e1s prestigio de los salidos del campo<\/span> <\/strong>de <strong><span style=\"color: #000000;\">instrucci\u00f3n de la Isla, fueron los llamados Fusileros de Doyle, otorg\u00e1ndosele a Torrijos el mando del mismo, a la vez que el ascenso a coronel, empleo al que ascendi\u00f3 el d\u00eda 8 de mayo. Ten\u00eda 21 a\u00f1os.<\/span><\/strong><br \/><strong><span style=\"color: #000000;\">D\u00edas despu\u00e9s, Torrijos hizo maniobrar perfectamente a su regimiento, delante de las autoridades de la Regencia, dando el visto bueno el general inspector para que esa fuerza embarcara para Portugal.<\/span><\/strong><\/p>\n<p><strong><span style=\"color: #000000;\">Con ella parti\u00f3 Torrijos del puerto de C\u00e1diz, el 15 de mayo.<\/span><\/strong><\/p>\n<p><strong><span style=\"color: #000000;\">Los Fusileros de Doyle y su coronel llegaron a Badajoz en el mes de junio, quedando encuadrados en la primera divisi\u00f3n del cuarto ej\u00e9rcito.<\/span><\/strong><\/p>\n<p><strong><span style=\"color: #000000;\">1813.- Jos\u00e9 Mar\u00eda Torrijos contrae matrimonio con Luisa S\u00e1enz de Viniegra.<\/span><\/strong><\/p>\n<p><strong><span style=\"color: #000000;\">A primeros del mes de mayo, el ej\u00e9rcito del duque de Wellington, formado por brit\u00e1nicos, portugueses y espa\u00f1oles, prepara la \u00faltima ofensiva contra los franceses.<\/span><\/strong><\/p>\n<p><strong><span style=\"color: #000000;\">El d\u00eda 26 comienza la campa\u00f1a. Wellington se coloca frente a Salamanca, el general espa\u00f1ol Morillo amenaza a los franceses en Alba de Tormes y el general Hill envuelve a la poblaci\u00f3n por los vados del r\u00edo.<\/span><\/strong><\/p>\n<p><strong><span style=\"color: #000000;\">Hill mandaba el segundo cuerpo del ej\u00e9rcito de Wellington, cuya divisi\u00f3n de<\/span> <span style=\"color: #000000;\">vanguardia era la de Morillo, la cual constaba de dos brigadas. El coronel Torrijos mandaba la segunda que, sin embargo, estrat\u00e9gicamente y t\u00e1cticamente, siempre fue la que march\u00f3 en primer lugar hasta concluir la batalla de Vitoria.<\/span><\/strong><\/p>\n<p><strong><span style=\"color: #000000;\">En este orden de ejecuci\u00f3n expulsaron a los franceses de Alba de Tormes, continuando el ej\u00e9rcito aliado su progresi\u00f3n hacia el norte.<\/span><\/strong><\/p>\n<p><strong><span style=\"color: #000000;\">El la ma\u00f1ana del 21 de junio se inici\u00f3 la llamada batalla de Vitoria. A la brigada que mandaba Torrijos le cupo el honor de ser la primera en entrar en combate con las unidades francesas bien apostadas en los altos de Puebla. Un encuentro muy comprometido que se salv\u00f3 tras desbordar los brit\u00e1nicos a los imperiales por la parte norte, lo que les oblig\u00f3 a replegarse hacia el este, siendo perseguidos por la brigada de Torrijos hasta las proximidades del camino de Salvatierra, ya con gran parte del ej\u00e9rcito franc\u00e9s en desbandada.<\/span><\/strong><\/p>\n<p><strong><span style=\"color: #000000;\">Por su actuaci\u00f3n en Vitoria, el duque de Wellington propuso a Torrijos para su ascenso a brigadier, retardado solamente por envidias y recelos.<\/span><\/strong><\/p>\n<p><strong><span style=\"color: #000000;\">Entre los d\u00edas 25 al 31 de julio, Torrijos combati\u00f3 al frente de su brigada en Antoa, Orros, batalla de Sorauren, campos de Villaba, altura de Maquelea y monta\u00f1a de Arr\u00e1n.<\/span><\/strong><\/p>\n<p><strong><span style=\"color: #000000;\">Los d\u00edas 9 y 13 de diciembre la brigada de Torrijos tiene un destacado papel (ya en territorio franc\u00e9s), en el vadeo del r\u00edo Nivel.<\/span><\/strong><\/p>\n<p><strong><span style=\"color: #000000;\">El 20 y 24 de febrero de 1814, el joven coronel destac\u00f3 de nuevo en las batallas de Geleptis y San Palas, y muy particularmente en el bloqueo de la plaza de Navarrens.<\/span><\/strong><\/p>\n<p><strong><span style=\"color: #000000;\">La \u00faltima divisi\u00f3n que regres\u00f3 a Espa\u00f1a fue en la estaba integrada la brigada de Torrijos.<\/span><\/strong><\/p>\n<p><strong><span style=\"color: #000000;\">Al terminar la Guerra de la Independencia, Torrijos hab\u00eda pasado, en tan s\u00f3lo seis a\u00f1os, del empleo de capit\u00e1n (con 17 a\u00f1os), al de brigadier (coronel distinguido a los 23 a\u00f1os).<\/span><\/strong><\/p>\n<p><strong><span style=\"color: #000000;\">Particip\u00f3 en un total de cuarenta y dos acciones de guerra, sin contar<\/span> <span style=\"color: #000000;\">escaramuzas y reconocimientos.<\/span><\/strong><\/p>\n<p><strong><span style=\"color: #000000;\">Con el breve par\u00e9ntesis de su cautiverio, se mantuvo en activo durante toda la contienda, con destino en las siguientes unidades:<\/span><\/strong><\/p>\n<p><strong><span style=\"color: #000000;\">&#8211; Regimiento Ultonia<\/span><\/strong><br \/><strong><span style=\"color: #000000;\">&#8211; Regimiento Almansa<\/span><\/strong><br \/><strong><span style=\"color: #000000;\">&#8211; Regimiento Soria<\/span><\/strong><br \/><strong><span style=\"color: #000000;\">&#8211; Regimiento Fernando VII<\/span><\/strong><br \/><strong><span style=\"color: #000000;\">&#8211; Regimiento de Fusileros de Doyle<\/span><\/strong><br \/><strong><span style=\"color: #000000;\">&#8211; II Brigada de la I Divisi\u00f3n del 4\u00ba Ej\u00e9rcito<\/span><\/strong><\/p>\n<p><strong><span style=\"color: #000000;\">Las condecoraciones obtenidas en las diversas campa\u00f1as contra los franceses, fueron:<\/span><\/strong><\/p>\n<p><strong><span style=\"color: #000000;\">&#8211; Cruz de San Fernando de 1\u00aa Clase<\/span><\/strong><br \/><strong><span style=\"color: #000000;\">&#8211; Primer Ej\u00e9rcito de Catalu\u00f1a<\/span><\/strong><br \/><strong><span style=\"color: #000000;\">&#8211; Batalla de Vich<\/span><\/strong><br \/><strong><span style=\"color: #000000;\">&#8211; Sufrimiento por la Patria (herido y prisionero)<\/span><\/strong><br \/><strong><span style=\"color: #000000;\">&#8211; Batalla de Vitoria<\/span><\/strong><br \/><strong><span style=\"color: #000000;\">&#8211; Batalla de Sorauren<\/span><\/strong><br \/><strong><span style=\"color: #000000;\">&#8211; Vadeo del r\u00edo Nivel<\/span><\/strong><\/p>","protected":false},"excerpt":{"rendered":"<p>1808.- Acabados sus estudios en Alcal\u00e1 y con licencia en Madrid, Jos\u00e9 Mar\u00eda Torrijos participa en los acontecimientos del 2 de mayo. Est\u00e1 en Montele\u00f3n junto a Daoiz y Velarde y es hecho prisionero por los franceses. El ayudante del mariscal Murat, Borely, le salva de la muerte. Escapa a Valencia para unirse a la&#8230;<\/p>\n","protected":false},"author":1,"featured_media":0,"parent":0,"menu_order":0,"comment_status":"closed","ping_status":"closed","template":"","meta":[],"_links":{"self":[{"href":"https:\/\/www.torrijos1831.com\/index.php?rest_route=\/wp\/v2\/pages\/1884"}],"collection":[{"href":"https:\/\/www.torrijos1831.com\/index.php?rest_route=\/wp\/v2\/pages"}],"about":[{"href":"https:\/\/www.torrijos1831.com\/index.php?rest_route=\/wp\/v2\/types\/page"}],"author":[{"embeddable":true,"href":"https:\/\/www.torrijos1831.com\/index.php?rest_route=\/wp\/v2\/users\/1"}],"replies":[{"embeddable":true,"href":"https:\/\/www.torrijos1831.com\/index.php?rest_route=%2Fwp%2Fv2%2Fcomments&post=1884"}],"version-history":[{"count":2,"href":"https:\/\/www.torrijos1831.com\/index.php?rest_route=\/wp\/v2\/pages\/1884\/revisions"}],"predecessor-version":[{"id":2028,"href":"https:\/\/www.torrijos1831.com\/index.php?rest_route=\/wp\/v2\/pages\/1884\/revisions\/2028"}],"wp:attachment":[{"href":"https:\/\/www.torrijos1831.com\/index.php?rest_route=%2Fwp%2Fv2%2Fmedia&parent=1884"}],"curies":[{"name":"wp","href":"https:\/\/api.w.org\/{rel}","templated":true}]}}