{"id":1896,"date":"2019-12-21T19:58:47","date_gmt":"2019-12-21T19:58:47","guid":{"rendered":"http:\/\/www.torrijos1831.com\/?page_id=1896"},"modified":"2020-01-01T20:18:04","modified_gmt":"2020-01-01T20:18:04","slug":"decada-ominosa","status":"publish","type":"page","link":"https:\/\/www.torrijos1831.com\/?page_id=1896","title":{"rendered":"Decada Ominosa"},"content":{"rendered":"\n<figure class=\"wp-block-image size-large\"><img loading=\"lazy\" width=\"700\" height=\"512\" src=\"http:\/\/www.torrijos1831.com\/wp-content\/uploads\/2020\/01\/Mariana.jpg\" alt=\"\" class=\"wp-image-2033\" srcset=\"https:\/\/www.torrijos1831.com\/wp-content\/uploads\/2020\/01\/Mariana.jpg 700w, https:\/\/www.torrijos1831.com\/wp-content\/uploads\/2020\/01\/Mariana-300x219.jpg 300w\" sizes=\"(max-width: 700px) 100vw, 700px\" \/><\/figure>\n\n\n<p><strong><span style=\"color: #000000;\">Mariana de Pineda en capilla, de Vera Calvo. Palacio de las Cortes, Madrid<\/span><\/strong><\/p>\n<p><strong><span style=\"color: #000000;\">1824.- Ante la hostilidad del gobierno franc\u00e9s, embarc\u00f3 para Inglaterra con su esposa el d\u00eda 24 de marzo, estableci\u00e9ndose en las proximidades de Londres, en una modesta vivienda de Blackheat, a finales de aquel mismo a\u00f1o.<\/span><\/strong><\/p>\n<p><strong><span style=\"color: #000000;\">Desde junio los, Torrijos recibieron una modesta ayuda econ\u00f3mica que el duque de Wellington concedi\u00f3 a los emigrados espa\u00f1oles que hab\u00edan combatido como aliados de los brit\u00e1nicos en la Guerra de la Independencia.<\/span><\/strong><\/p>\n<p><strong><span style=\"color: #000000;\">En aquel a\u00f1o se produjeron los fracasados intentos de los liberales, llevados a cabo con los desembarcos de Vald\u00e9s en Tarifa, y Pablo Iglesias en Almer\u00eda.<\/span><\/strong><\/p>\n<p><strong><span style=\"color: #000000;\">1825.- La mayor\u00eda de los emigrados viv\u00edan en el barrio londinense de Somers Town. Se reun\u00edan en largas tertulias que, a veces, duraban toda la noche, siempre con el horizonte puesto en Espa\u00f1a. Eran militares, abogados, m\u00e9dicos, escritores y hasta sacerdotes. All\u00ed estaban Alcal\u00e1 Galiano, Calatrava, Arg\u00fcelles, Espoz y Mina, Quiroga, Vald\u00e9s, \u00c1lvarez de Mendiz\u00e1bal, la viuda de Riego, Fl\u00f3rez Estrada, el duque de Rivas, o el joven Espronceda, que llegar\u00eda m\u00e1s tarde al siempre brumoso Londres.<\/span><\/strong><\/p>\n<p><strong><span style=\"color: #000000;\">1827.- El 1 de febrero los exiliados espa\u00f1oles crearon en Londres la Junta directiva del alzamiento de Espa\u00f1a frente a la cual pusieron a Torrijos, convirti\u00e9ndose en el m\u00e1ximo dirigente de la conspiraci\u00f3n para derribar al poder absoluto por la fuerza. Esto polariz\u00f3 en dos facciones a los liberales en el exilio: los partidarios de Espoz y Mina, que no consideraban viable derrocar al absolutismo con un pronunciamiento, y los de Torrijos, que si lo cre\u00edan posible.<\/span><\/strong><\/p>\n<p><strong><span style=\"color: #000000;\">Desde esa concepci\u00f3n, hasta otras de \u00edndole pol\u00edtico-filos\u00f3ficas del liberalismo, separaban a Mina de Torrijos.<\/span><\/strong><\/p>\n<p><strong><span style=\"color: #000000;\">1829.-Acorde a sus ideas y proyectos, Torrijos conect\u00f3 con un grupo de j\u00f3venes ingleses, intelectuales y radicales en sus ideas, los cuales se autodenominaban los Ap\u00f3stoles de Cambridge, siendo su l\u00edder John Sterling. A trav\u00e9s de \u00e9l, Torrijos conoci\u00f3 a su primo Robert Boyd, uni\u00e9ndoles una amistad que s\u00f3lo separar\u00eda la muerte.<\/span><\/strong><\/p>\n<p><strong><span style=\"color: #000000;\">1830.- Para la Espa\u00f1a liberal oprimida en el territorio nacional, Jos\u00e9 Mar\u00eda Torrijos y Uriarte representaba la \u00faltima esperanza del pronunciamiento como estrategia. Por eso, el general se puso mano a la obra con sus colaboradores. El 16 de julio se disolvi\u00f3 la Junta de Londres, nombr\u00e1ndose una Comisi\u00f3n Ejecutiva del alzamiento a cuya cabeza se pusieron el propio Torrijos, como suprema autoridad militar, y Manuel Flores Calder\u00f3n, abogado y ex presidente de las cortes en el Trienio Liberal, como autoridad civil.<\/span><\/strong><\/p>\n<p><strong><span style=\"color: #000000;\">La generosidad y abnegaci\u00f3n de Boyd por la empresa en la que se iban a comprometer los exiliados espa\u00f1oles, pudo comprobarse desde un principio.<\/span><\/strong><\/p>\n<p><strong><span style=\"color: #000000;\">Nada m\u00e1s heredar cuatro mil libras esterlinas, las puso a disposici\u00f3n de los expedicionarios, que le admitieron en los planes del levantamiento.<\/span><\/strong><\/p>\n<p><strong><span style=\"color: #000000;\">Parte de ese capital fue destinado al avituallamiento y alquiler de un peque\u00f1o barco, que trasladar\u00eda a la expedici\u00f3n al sur de Espa\u00f1a.<\/span><\/strong><\/p>\n<p><strong><span style=\"color: #000000;\">La fragata Mary deb\u00eda de salir a la desembocadura del r\u00edo T\u00e1mesis, y recibir all\u00ed las armas, municiones y dem\u00e1s efectos de guerra.<\/span><\/strong><\/p>\n<p><strong><span style=\"color: #000000;\">Las instrucciones que Torrijos hab\u00eda dado al efecto, fueron mal entendidas o err\u00f3neamente interpretadas, y en vez de colocarse el dep\u00f3sito en el lugar donde estaba se\u00f1alado, se condujo directamente al buque.<\/span><\/strong><\/p>\n<p><strong><span style=\"color: #000000;\">El plan dise\u00f1ado contemplaba que Torrijos, Manuel Flores Calder\u00f3n y el general Palarea, embarcar\u00edan en Ramsgate. Lo pensaron as\u00ed porque, de otra forma, los esp\u00edas del embajador espa\u00f1ol al notar su falta de estos jefes liberales en Londres, har\u00edan correr la noticia a lo largo de las orillas del T\u00e1mesis.<\/span><\/strong><\/p>\n<p><strong><span style=\"color: #000000;\">Sin embargo, dado que hac\u00eda falta que un hombre con la ascendencia suficiente y plena confianza de Torrijos, tomara el mando del Mary, se design\u00f3 a Palarea para esta misi\u00f3n, que muy pronto se iba a complicar.<\/span><\/strong><\/p>\n<p><strong><span style=\"color: #000000;\">Pese a que Robert Boyd hab\u00eda enga\u00f1ado a los propietarios del Mary, dici\u00e9ndoles que necesitaba la fragata para ir a R\u00edo de Janeiro, el astuto embajador espa\u00f1ol descubri\u00f3 la trama con rapidez, gracias a que sus esp\u00edas controlaban los movimientos de los exiliados y todo lo que se moviera en el propio puerto.<\/span><\/strong><\/p>\n<p><strong><span style=\"color: #000000;\">El diplom\u00e1tico dio pronta cuenta a Madrid, y el gobierno espa\u00f1ol hizo las correspondientes reclamaciones a Londres, obligando a actuar al ejecutivo brit\u00e1nico.<\/span><\/strong><\/p>\n<p><strong><span style=\"color: #000000;\">Se encontraba la fragata estacionada en el r\u00edo, m\u00e1s arriba de Greenwich y dispuesta a elevar anclas, cuando fue rodeada de polic\u00edas, deteniendo a Palarea y al resto.<\/span><\/strong><\/p>\n<p><strong><span style=\"color: #000000;\">Este duro golpe no arredr\u00f3 a Torrijos, que dio r\u00e1pidas instrucciones para que todo los componentes de la Junta que ten\u00edan que instalarse en Gibraltar, salieran por diversos medios hacia la Roca, mientras que \u00e9l, al tener noticias de los acontecimientos revolucionarios en Par\u00eds, marchar\u00eda a la capital del Sena acompa\u00f1ado por John Sterling y Robert Boyd, con el fin de solicitar ayuda al gobierno franc\u00e9s para su empresa.<\/span><\/strong><\/p>\n<p><strong><span style=\"color: #000000;\">Con detalle, Boyd prepar\u00f3 su traslado a Gibraltar, llegando a esa plaza el 9 de septiembre, con el propio Torrijos y Jos\u00e9 Agust\u00edn Guti\u00e9rrez. All\u00ed se aplic\u00f3 en la labor de crear la infraestructura m\u00ednima, con la que deb\u00edan de contar los liberales en el Pe\u00f1\u00f3n para poder llevar a cabo el rompimiento.<\/span><\/strong><\/p>\n<p><strong><span style=\"color: #000000;\">Antes de salir de Londres, la Junta Liberal, muy agradecida por el generoso comportamiento de Boyd, le escribi\u00f3 lo siguiente: \u201cHemos determinado no cesar en nuestros esfuerzos hasta que consigamos nuestros deseos y los de usted, por cuya causa arriesga voluntariamente su persona e intereses; y entonces recibir\u00e1 usted la grande y merecida recompensa que su servicio y anhelo merecen, y los t\u00edtulos de honor y gloria, que la Espa\u00f1a debe dar a usted y a toda su posteridad\u201d.<\/span><\/strong><\/p>\n<p><strong><span style=\"color: #000000;\">En la Roca, dada su condici\u00f3n de ciudadano brit\u00e1nico, Boyd actu\u00f3 libremente, mientras que sus compa\u00f1eros permanecieron escondidos en casas de amigos y barcos anclados en el puerto.<\/span><\/strong><\/p>\n<p><strong><span style=\"color: #000000;\">Torrijos y Flores Calder\u00f3n, con el objetivo pol\u00edtico de la Constituci\u00f3n de 1812, dise\u00f1aron la estrategia siguiente: preparar acciones terrestres y mar\u00edtimas que causaran sobre todo efecto en los liberales del interior del pa\u00eds, buscando rompimientos que estimularan a las indecisas autoridades militares y forjaran en ellas una decisi\u00f3n favorable.<\/span><\/strong><\/p>\n<p><strong><span style=\"color: #000000;\">Ante las pocas opciones, de nuevo surg\u00eda el pronunciamiento como estrategia, siendo el de Riego la referencia por haber sido el \u00fanico que hab\u00eda triunfado hasta entonces.<\/span><\/strong><\/p>\n<p><strong><span style=\"color: #000000;\">Tras la fase conspirativa llegaba el momento de pasar a la acci\u00f3n, con la penetraci\u00f3n o entrada en Espa\u00f1a, mediante el rompimiento en alg\u00fan punto, que propiciara lo m\u00e1s r\u00e1pidamente posible el pronunciamiento general.<\/span><\/strong><\/p>\n<p><strong><span style=\"color: #000000;\">El pronunciamiento, diferente al golpe de estado que act\u00faa directamente sobre el centro de poder de la pol\u00edtica de un pa\u00eds, se fundamenta en la acci\u00f3n repentina de una fuerza rebelde que a\u00fan estando lejos f\u00edsicamente del centro del poder pol\u00edtico, y sea insignificante en un principio, consigue desconcertar al citado poder, por la sospecha de que otros pronunciamientos no previsibles, surjan en diferentes zonas de la periferia y logren desestabilizar la situaci\u00f3n.<\/span><\/strong><\/p>\n<p><strong><span style=\"color: #000000;\">La clave se basaba en dos piezas angulares: el indispensable apoyo de los liberales del interior, y conseguir que las fuerzas que fueran a reprimir a los pronunciados, o al menos una parte de ellas, se pasaran de bando.<\/span><\/strong><\/p>\n<p><strong><span style=\"color: #000000;\">El pronunciamiento no buscaba ser cruento, aunque los choques armados eran impredecibles y depend\u00edan de diversos factores.<\/span><\/strong><\/p>\n<p><strong><span style=\"color: #000000;\">1831.- Sin embargo, las diferentes tentativas que llevaron a cabo los liberales desde el Pe\u00f1\u00f3n, fueron fracasando: expedici\u00f3n de Manzanares a Estepona, ataques contra La L\u00ednea y Algeciras, levantamiento de C\u00e1diz\u2026<\/span><\/strong><\/p>\n<p><strong><span style=\"color: #000000;\">Desde M\u00e1laga, Francisco Unzaga, Antonio del Castillo y Garc\u00eda de Segovia informaron correctamente a Torrijos: \u201csi se arroja a la empresa con menos de tres o cuatro mil hombres y un ej\u00e9rcito extranjero que penetre por la otra frontera, ser\u00e1 batido y fusilado.\u201d<\/span><\/strong><\/p>\n<p><strong><span style=\"color: #000000;\">Todo estaba dominado por la precariedad y la desesperanza cuando desde M\u00e1laga, de repente, apareci\u00f3 Viriato\u2026<\/span><\/strong><\/p>\n<p><strong><span style=\"color: #000000;\">Escondido bajo ese nombre y formando parte de una sucia trama ideada por el gobierno fernandino, con falsas promesas de tropas comprometidas a favor de un levantamiento pro-constitucionalista, con 2.500 voluntarios de la Axarqu\u00eda y la guarnici\u00f3n de la unidades de guarnici\u00f3n en la capital; sedujo a Torrijos a un plan de desembarco en la costa de M\u00e1laga, con el fin de hacerlo prisionero y ejecutarlo.<\/span><\/strong><\/p>","protected":false},"excerpt":{"rendered":"<p>Mariana de Pineda en capilla, de Vera Calvo. Palacio de las Cortes, Madrid 1824.- Ante la hostilidad del gobierno franc\u00e9s, embarc\u00f3 para Inglaterra con su esposa el d\u00eda 24 de marzo, estableci\u00e9ndose en las proximidades de Londres, en una modesta vivienda de Blackheat, a finales de aquel mismo a\u00f1o. Desde junio los, Torrijos recibieron una&#8230;<\/p>\n","protected":false},"author":1,"featured_media":0,"parent":0,"menu_order":0,"comment_status":"closed","ping_status":"closed","template":"","meta":[],"_links":{"self":[{"href":"https:\/\/www.torrijos1831.com\/index.php?rest_route=\/wp\/v2\/pages\/1896"}],"collection":[{"href":"https:\/\/www.torrijos1831.com\/index.php?rest_route=\/wp\/v2\/pages"}],"about":[{"href":"https:\/\/www.torrijos1831.com\/index.php?rest_route=\/wp\/v2\/types\/page"}],"author":[{"embeddable":true,"href":"https:\/\/www.torrijos1831.com\/index.php?rest_route=\/wp\/v2\/users\/1"}],"replies":[{"embeddable":true,"href":"https:\/\/www.torrijos1831.com\/index.php?rest_route=%2Fwp%2Fv2%2Fcomments&post=1896"}],"version-history":[{"count":2,"href":"https:\/\/www.torrijos1831.com\/index.php?rest_route=\/wp\/v2\/pages\/1896\/revisions"}],"predecessor-version":[{"id":2034,"href":"https:\/\/www.torrijos1831.com\/index.php?rest_route=\/wp\/v2\/pages\/1896\/revisions\/2034"}],"wp:attachment":[{"href":"https:\/\/www.torrijos1831.com\/index.php?rest_route=%2Fwp%2Fv2%2Fmedia&parent=1896"}],"curies":[{"name":"wp","href":"https:\/\/api.w.org\/{rel}","templated":true}]}}