{"id":1899,"date":"2019-12-21T20:02:38","date_gmt":"2019-12-21T20:02:38","guid":{"rendered":"http:\/\/www.torrijos1831.com\/?page_id=1899"},"modified":"2020-01-01T20:25:18","modified_gmt":"2020-01-01T20:25:18","slug":"expedicion-de-malaga","status":"publish","type":"page","link":"https:\/\/www.torrijos1831.com\/?page_id=1899","title":{"rendered":"Expedicion de Malaga"},"content":{"rendered":"<p><strong><span style=\"color: #000000;\">1831: EXPEDICI\u00d3N A M\u00c1LAGA<\/span><\/strong><\/p>\n<p>\u00a0<\/p>\n\n\n<figure class=\"wp-block-image size-large\"><img loading=\"lazy\" width=\"700\" height=\"436\" src=\"http:\/\/www.torrijos1831.com\/wp-content\/uploads\/2020\/01\/Bahia.jpg\" alt=\"\" class=\"wp-image-2035\" srcset=\"https:\/\/www.torrijos1831.com\/wp-content\/uploads\/2020\/01\/Bahia.jpg 700w, https:\/\/www.torrijos1831.com\/wp-content\/uploads\/2020\/01\/Bahia-300x187.jpg 300w\" sizes=\"(max-width: 700px) 100vw, 700px\" \/><\/figure>\n\n\n<p><strong><span style=\"color: #000000;\">M\u00e1laga en los tiempos de Torrijos<\/span><\/strong><\/p>\n<p><strong><span style=\"color: #000000;\">\u201cYo estoy, no s\u00f3lo pronto sino ansioso de inmolarme<\/span><\/strong><br \/><strong><span style=\"color: #000000;\">en obsequio de la patria\u201d<\/span><\/strong><\/p>\n<p><strong><span style=\"color: #000000;\">(Jos\u00e9 Mar\u00eda Torrijos)<\/span><\/strong><\/p>\n<p><strong><span style=\"color: #000000;\">En la noche del 30 de noviembre de 1831, salieron de Gibraltar con rumbo a la costa oriental de M\u00e1laga, las barcazas Santo Cristo del Grao y Pur\u00edsima Concepci\u00f3n, con Torrijos y sus cuarenta y ocho liberales, m\u00e1s doce marineros&#8230;<\/span><\/strong><\/p>\n<p><strong><span style=\"color: #000000;\">Portaban como bagaje varios impresos del Manifiesto a la Naci\u00f3n, diversas proclamas y reglamentos firmados por Torrijos y tres banderas tricolores (la nacional con dos bandas azul celeste en los lados para diferenciarse de las fuerzas absolutistas). Llevaban como lema Patria, Libertad e Independencia, y como grito del pronunciamiento \u00a1Viva la Libertad!<\/span><\/strong><\/p>\n<p><strong><span style=\"color: #000000;\">El 2 de diciembre, cuando las barcazas cruzaban a la altura de Cala de Mijas, fueron sorprendidas por fuego de ca\u00f1\u00f3n realizado desde el bergant\u00edn Neptuno, cuyo capit\u00e1n hab\u00eda prometido a Torrijos escoltarlo hasta el lugar del desembarco: Ventas de Bezmiliana en el actual Rinc\u00f3n de la Victoria.<\/span><\/strong><\/p>\n<p><strong><span style=\"color: #000000;\">El inesperado encuentro en las proximidades de Punta de Calaburra, oblig\u00f3 a Torrijos y sus compa\u00f1eros a realizar un precipitado desembarco en la playa de El Charc\u00f3n, donde quedaron embarrancadas las barcazas.<\/span><\/strong><\/p>\n<p><strong><span style=\"color: #000000;\">Tras la arenga de Torrijos en el monte Guajarzo, los expedicionarios de Gibraltar se adentraron por la ca\u00f1ada del Carrizo, pr\u00f3xima al Chaparral, hacia el interior&#8230;<\/span><\/strong><br \/><strong><span style=\"color: #000000;\">Torrijos y sus compa\u00f1eros hab\u00edan logrado hacer el rompimiento. Sin embargo, los acontecimientos de los d\u00edas siguientes les impidieron llevar a cabo el pronunciamiento.<\/span><\/strong><\/p>\n<p><strong><span style=\"color: #000000;\">Los liberales atravesaron el r\u00edo Oj\u00e9n (en esa parte llamado de Fuengirola), continuando su marcha por la realenga, actual camino de Campanales.<\/span><\/strong><\/p>\n<p><strong><span style=\"color: #000000;\">Progresando hacia Mijas, al anochecer, el grupo liberal lleg\u00f3 a las inmediaciones del pueblo, saliendo a su encuentro la milicia realista que realiz\u00f3 varias descargas de fusiler\u00eda.<\/span><\/strong><\/p>\n<p><strong><span style=\"color: #000000;\">Torrijos y los suyos, aprovechando las sombras de la noche, comenzaron un penoso ascenso por el arroyo de las Grajas, llegando a la dorsal de la sierra de Mijas, donde pernoctaron.<\/span><\/strong><\/p>\n<p><strong><span style=\"color: #000000;\">Al amanecer del d\u00eda 3, los expedicionarios de Gibraltar iniciaron el descenso por la vertiente noreste de la sierra, bajando hacia el Valle del Guadalhorce.<\/span><\/strong><br \/><strong><span style=\"color: #000000;\">A mediod\u00eda, ya en las proximidades de Alhaur\u00edn de la Torre, la milicia absolutista abri\u00f3 fuego contra los liberales, oblig\u00e1ndoles a desviar su ruta hacia el norte.<\/span><\/strong><br \/><strong><span style=\"color: #000000;\">Ante este nuevo contratiempo, Torrijos decidi\u00f3 que lo mejor era buscar un lugar seguro para poder descansar, visto el estado de agotamiento en el que se encontraban.<\/span><\/strong><\/p>\n<p><strong><span style=\"color: #000000;\">La elecci\u00f3n recay\u00f3 en un cortijo blanco situado en la vertiente sur de la Sierra Llana: la Alquer\u00eda del conde de Mollina, a cuatro leguas de Alhaur\u00edn de la Torre.<\/span><\/strong><\/p>\n<p>\u00a0<\/p>\n\n\n<figure class=\"wp-block-image size-large\"><img loading=\"lazy\" width=\"700\" height=\"474\" src=\"http:\/\/www.torrijos1831.com\/wp-content\/uploads\/2020\/01\/Mollina.jpg\" alt=\"\" class=\"wp-image-2036\" srcset=\"https:\/\/www.torrijos1831.com\/wp-content\/uploads\/2020\/01\/Mollina.jpg 700w, https:\/\/www.torrijos1831.com\/wp-content\/uploads\/2020\/01\/Mollina-300x203.jpg 300w\" sizes=\"(max-width: 700px) 100vw, 700px\" \/><\/figure>\n\n\n<p><strong><span style=\"color: #000000;\">La Alquer\u00eda del conde de Mollina<\/span><\/strong><\/p>\n<p><strong><span style=\"color: #000000;\">Acogidos en aquella hacienda, al anochecer, los liberales terminaron siendo cercados por el batall\u00f3n de los Voluntarios Realistas de Co\u00edn, cuyo capit\u00e1n, Francisco Lome\u00f1a, realiz\u00f3 un furibundo ataque a la Alquer\u00eda al amanecer del d\u00eda 4, en el que fueron rechazados los asaltantes.<\/span><\/strong><\/p>\n<p><strong><span style=\"color: #000000;\">Presente en el cerco el gobernador de M\u00e1laga, Gonz\u00e1lez Moreno, se entrevist\u00f3 con Torrijos en el atardecer del mismo d\u00eda, sin que nadie pudiera escuchar la conversaci\u00f3n que mantuvieron ambos generales.<\/span><\/strong><\/p>\n<p><strong><span style=\"color: #000000;\">Para Torrijos, por su cargo e implicaci\u00f3n en el plan Viriato, Gonz\u00e1lez Moreno era la persona que pod\u00eda deshacer la mala situaci\u00f3n en la que se encontraban en aquel cerco, donde adem\u00e1s de las unidades regulares procedentes de la capital, Regimiento Infante, 4\u00ba de L\u00ednea, provinciales de M\u00e1laga y Soria, y Regimiento de Caballer\u00eda Vitoria, 4\u00ba de Ligeros, se hab\u00edan incorporado Voluntarios Realistas de Alhaur\u00edn el Grande, Alhaur\u00edn de la Torre, Monda, \u00c1lora, C\u00e1rtama, Mijas, Oj\u00e9n y Marbella, as\u00ed como los Carabineros de la 11\u00aa Comandancia de Torremolinos.<\/span><\/strong><\/p>\n<p><strong><span style=\"color: #000000;\">Pese a que se desconoce lo que hablaron, puede intuirse por lo que despu\u00e9s ocurri\u00f3, que Moreno propusiera a Torrijos que, con tantos exaltados Voluntarios Realistas presentes en el sitio, el pronunciamiento que hab\u00eda tra\u00eddo al general liberal a M\u00e1laga, s\u00f3lo ser\u00eda efectivo con la presencia de ambos en la capital.<\/span><\/strong><\/p>\n<p><strong><span style=\"color: #000000;\">Adem\u00e1s, el traidor gobernador pudo informar a su v\u00edctima, que ten\u00eda noticias fidedignas sobre la progresi\u00f3n de contingentes de tropas realistas procedentes de C\u00e1diz, Sevilla, C\u00f3rdoba y Granada, las cuales se dirig\u00edan a marchas forzadas hasta all\u00ed, para colaborar en la captura de los expedicionarios de Gibraltar.<\/span><\/strong><br \/><strong><span style=\"color: #000000;\">Por lo tanto, ante la situaci\u00f3n sobrevenida tras el desembarco en El Charc\u00f3n, la propuesta de Moreno pudo cifrarse, en fingir una rendici\u00f3n, trasladarlos a M\u00e1laga y, una vez all\u00ed, llevar a cabo el levantamiento.<\/span><\/strong><\/p>\n<p><strong><span style=\"color: #000000;\">Quiz\u00e1s Torrijos, contrario de marchar a M\u00e1laga en situaci\u00f3n de detenido, pidi\u00f3 a Moreno unas horas m\u00e1s, con el fin de obtener noticias de los 2.500 liberales de la Axarqu\u00eda que, supuestamente, le estaban esperando en Bezmiliana.<\/span><\/strong><\/p>\n<p><strong><span style=\"color: #000000;\">Parece ser que el ladino gobernador le dio un plazo hasta el amanecer, en el cual, si no hab\u00eda cambios, Torrijos tendr\u00eda que \u201caceptar\u201d la rendici\u00f3n.<\/span><\/strong><\/p>\n<p><strong><span style=\"color: #000000;\">Acordado el asunto, el general liberal regres\u00f3 a la Alquer\u00eda, sin saber que, de nuevo, hab\u00eda sido enga\u00f1ado por su enemigo.<\/span><\/strong><\/p>\n<p><strong><span style=\"color: #000000;\">Los batallones pro-liberales de la Axarqu\u00eda no exist\u00edan \u00a1Nunca hab\u00edan existido!, y su posible progresi\u00f3n hacia M\u00e1laga era una pura ficci\u00f3n.<\/span><\/strong><\/p>\n<p><strong><span style=\"color: #000000;\">Hab\u00edan sido parte del cebo tendido por Viriato para sacar a Torrijos de Gibraltar, y ahora lo iban a ser para su entrega sin resistencia.<\/span><\/strong><\/p>\n<p><strong><span style=\"color: #000000;\">La rendici\u00f3n de la Alquer\u00eda tuvo lugar a las ocho horas y cuatro minutos del 5 de diciembre.<\/span><\/strong><\/p>\n<p><strong><span style=\"color: #000000;\">Trasladados a M\u00e1laga los liberales, los compa\u00f1eros de Torrijos fueron encerrados en la c\u00e1rcel p\u00fablica, mientras que Torrijos fue trasladado hasta el cuartel de Mundo Nuevo, donde fue encerrado en el calabozo de la Guardia de Prevenci\u00f3n del mismo. All\u00ed le arrancaron los entorchados de general y le pusieron grilletes en sus mu\u00f1ecas. En esos momentos Torrijos termin\u00f3 de comprender el enga\u00f1o del que hab\u00eda sido objeto.<\/span><\/strong><\/p>\n<p><strong><span style=\"color: #000000;\">El joven Jos\u00e9 Salamanca, enviado por la hermana de Torrijos, parti\u00f3 para Madrid con firmas recogidas en M\u00e1laga, pidiendo clemencia al rey, pero \u00e9ste firm\u00f3 la sentencia de muerte con un \u201cque los fusilen a todos\u201d.<\/span><\/strong><\/p>\n<p><strong><span style=\"color: #000000;\">Torrijos y sus compa\u00f1eros pasaron la \u00faltima noche en capilla, en el convento de San Andr\u00e9s del barrio de El Perchel, donde les fue le\u00edda la condena, testaron y recibieron los correspondientes auxilios espirituales.<\/span><\/strong><\/p>\n<p><strong><span style=\"color: #000000;\">A la ma\u00f1ana siguiente, en la playa pr\u00f3xima los liberales fueron fusilados mientras gritaban el lema de su fracasado pronunciamiento: \u201c\u00a1Viva la Libertad!\u201d.<\/span><\/strong><\/p>\n<p>\u00a0<\/p>\n<p><strong><span style=\"color: #000000;\">HOMBRES QUE COMPUSIERON EL GRUPO DE TORRIJOS, Y QUE FUERON FUSILADOS EN M\u00c1LAGA EL 11 DE DICIEMBRE DE 1831<\/span><\/strong><\/p>\n<p><strong><span style=\"color: #000000;\">D. Jos\u00e9 Mar\u00eda Torrijos y Uriarte<\/span><\/strong><br \/><strong><span style=\"color: #000000;\">D. Manuel Flores Calder\u00f3n<\/span><\/strong><br \/><strong><span style=\"color: #000000;\">D. Juan L\u00f3pez Pinto<\/span><\/strong><br \/><strong><span style=\"color: #000000;\">D. Francisco Fern\u00e1ndez Golf\u00edn<\/span><\/strong><br \/><strong><span style=\"color: #000000;\">D. Robert Boyd<\/span><\/strong><br \/><strong><span style=\"color: #000000;\">D. Francisco Ruiz Jara<\/span><\/strong><br \/><strong><span style=\"color: #000000;\">D. Francisco de Borja Pard\u00edo<\/span><\/strong><br \/><strong><span style=\"color: #000000;\">D. Pablo Verdaguer Orsilla<\/span><\/strong><br \/><strong><span style=\"color: #000000;\">D. Juan Manuel Bobadilla<\/span><\/strong><br \/><strong><span style=\"color: #000000;\">D. Pedro Manrique l\u00f3pez<\/span><\/strong><br \/><strong><span style=\"color: #000000;\">D. Joaqu\u00edn Cantalupe<\/span><\/strong><br \/><strong><span style=\"color: #000000;\">D. Jos\u00e9 Guerrero Caro<\/span><\/strong><br \/><strong><span style=\"color: #000000;\">D. \u00c1ngel Hurtado Salgado<\/span><\/strong><br \/><strong><span style=\"color: #000000;\">Fray Jos\u00e9 Mar\u00eda Cordero Carce<\/span><\/strong><br \/><strong><span style=\"color: #000000;\">D. Jos\u00e9 Castell Ubison<\/span><\/strong><br \/><strong><span style=\"color: #000000;\">D. Francisco Arqu\u00e9s Carlicos<\/span><\/strong><br \/><strong><span style=\"color: #000000;\">D. Manuel Vides Fajardo<\/span><\/strong><br \/><strong><span style=\"color: #000000;\">D. Ram\u00f3n Ib\u00e1\u00f1ez Navarro<\/span><\/strong><br \/><strong><span style=\"color: #000000;\">D. Santiago Mart\u00ednez Sturla<\/span><\/strong><br \/><strong><span style=\"color: #000000;\">D. Domingo Valero Cort\u00e9s<\/span><\/strong><br \/><strong><span style=\"color: #000000;\">D. Jos\u00e9 Garc\u00eda Hern\u00e1ndez<\/span><\/strong><br \/><strong><span style=\"color: #000000;\">D. Andr\u00e9s Collado Fern\u00e1ndez<\/span><\/strong><br \/><strong><span style=\"color: #000000;\">D. Francisco Juli\u00e1n Rodr\u00edguez<\/span><\/strong><br \/><strong><span style=\"color: #000000;\">D. Gonzalo M\u00e1rquez G\u00f3mez<\/span><\/strong><br \/><strong><span style=\"color: #000000;\">D. Miguel Andreu<\/span><\/strong><br \/><strong><span style=\"color: #000000;\">D. Ignacio Alonso D\u00edaz<\/span><\/strong><br \/><strong><span style=\"color: #000000;\">D. Magdaleno Alonso<\/span><\/strong><br \/><strong><span style=\"color: #000000;\">D. Francisco Benabal B\u00e9lmar<\/span><\/strong><br \/><strong><span style=\"color: #000000;\">D. Vicente Jorge Montalvo<\/span><\/strong><br \/><strong><span style=\"color: #000000;\">D. Salvador Mata<\/span><\/strong><br \/><strong><span style=\"color: #000000;\">D. Francisco Garc\u00eda L\u00f3pez<\/span><\/strong><br \/><strong><span style=\"color: #000000;\">D. Pedro Mu\u00f1oz Romero<\/span><\/strong><br \/><strong><span style=\"color: #000000;\">D. Ram\u00f3n Vidal Jim\u00e9nez<\/span><\/strong><br \/><strong><span style=\"color: #000000;\">D. Antonio Prados<\/span><\/strong><br \/><strong><span style=\"color: #000000;\">D. Juli\u00e1n Osorio Fern\u00e1ndez<\/span><\/strong><br \/><strong><span style=\"color: #000000;\">D. Antonio P\u00e9rez<\/span><\/strong><br \/><strong><span style=\"color: #000000;\">D. Salvador Lled\u00f3 Mora<\/span><\/strong><br \/><strong><span style=\"color: #000000;\">D. Juan S\u00e1nchez S\u00e1nchez<\/span><\/strong><br \/><strong><span style=\"color: #000000;\">D. Francisco Arcas Reus<\/span><\/strong><br \/><strong><span style=\"color: #000000;\">D. Jaime Carazo<\/span><\/strong><br \/><strong><span style=\"color: #000000;\">D. Lope de L\u00f3pez<\/span><\/strong><br \/><strong><span style=\"color: #000000;\">D. Vicente Garc\u00eda<\/span><\/strong><br \/><strong><span style=\"color: #000000;\">D. Francisco M\u00e9ndez<\/span><\/strong><br \/><strong><span style=\"color: #000000;\">D. Francisco Mora Altea<\/span><\/strong><br \/><strong><span style=\"color: #000000;\">D. Jos\u00e9 Olmedo<\/span><\/strong><br \/><strong><span style=\"color: #000000;\">D. Lorenzo Cobos Lorca<\/span><\/strong><br \/><strong><span style=\"color: #000000;\">D. Juan Su\u00e1rez Teresa<\/span><\/strong><br \/><strong><span style=\"color: #000000;\">D. Manuel Vides Garc\u00eda<\/span><\/strong><br \/><strong><span style=\"color: #000000;\">y D. Jos\u00e9 Mar\u00eda Galasis.<\/span><\/strong><\/p>\n<p><strong><span style=\"color: #000000;\">POR CARGOS Y EMPLEOS<\/span><\/strong><\/p>\n<p><strong><span style=\"color: #000000;\">1 Mariscal de Campo<\/span><\/strong><br \/><strong><span style=\"color: #000000;\">1 Presidente de las Cortes Espa\u00f1olas<\/span><\/strong><br \/><strong><span style=\"color: #000000;\">1 Ministro de la Guerra<\/span><\/strong><br \/><strong><span style=\"color: #000000;\">6 militares<\/span><\/strong><br \/><strong><span style=\"color: #000000;\">1 oficial ingl\u00e9s<\/span><\/strong><br \/><strong><span style=\"color: #000000;\">4 marinos (incluido el grumete)<\/span><\/strong><br \/><strong><span style=\"color: #000000;\">33 paisanos<\/span><\/strong><br \/><strong><span style=\"color: #000000;\">1 religioso<\/span><\/strong><br \/><strong><span style=\"color: #000000;\">1 carpintero gibraltare\u00f1o ajeno a la conspiraci\u00f3n, que hab\u00eda hecho algunas reparaciones en las embarcaciones liberales durante el d\u00eda 30 de noviembre.<\/span><\/strong><\/p>\n<p><strong><span style=\"color: #000000;\">Total: 49 hombres<\/span><\/strong><\/p>","protected":false},"excerpt":{"rendered":"<p>1831: EXPEDICI\u00d3N A M\u00c1LAGA \u00a0 M\u00e1laga en los tiempos de Torrijos \u201cYo estoy, no s\u00f3lo pronto sino ansioso de inmolarmeen obsequio de la patria\u201d (Jos\u00e9 Mar\u00eda Torrijos) En la noche del 30 de noviembre de 1831, salieron de Gibraltar con rumbo a la costa oriental de M\u00e1laga, las barcazas Santo Cristo del Grao y Pur\u00edsima&#8230;<\/p>\n","protected":false},"author":1,"featured_media":0,"parent":0,"menu_order":0,"comment_status":"closed","ping_status":"closed","template":"","meta":[],"_links":{"self":[{"href":"https:\/\/www.torrijos1831.com\/index.php?rest_route=\/wp\/v2\/pages\/1899"}],"collection":[{"href":"https:\/\/www.torrijos1831.com\/index.php?rest_route=\/wp\/v2\/pages"}],"about":[{"href":"https:\/\/www.torrijos1831.com\/index.php?rest_route=\/wp\/v2\/types\/page"}],"author":[{"embeddable":true,"href":"https:\/\/www.torrijos1831.com\/index.php?rest_route=\/wp\/v2\/users\/1"}],"replies":[{"embeddable":true,"href":"https:\/\/www.torrijos1831.com\/index.php?rest_route=%2Fwp%2Fv2%2Fcomments&post=1899"}],"version-history":[{"count":2,"href":"https:\/\/www.torrijos1831.com\/index.php?rest_route=\/wp\/v2\/pages\/1899\/revisions"}],"predecessor-version":[{"id":2037,"href":"https:\/\/www.torrijos1831.com\/index.php?rest_route=\/wp\/v2\/pages\/1899\/revisions\/2037"}],"wp:attachment":[{"href":"https:\/\/www.torrijos1831.com\/index.php?rest_route=%2Fwp%2Fv2%2Fmedia&parent=1899"}],"curies":[{"name":"wp","href":"https:\/\/api.w.org\/{rel}","templated":true}]}}